{"id":22,"date":"2026-04-28T11:21:19","date_gmt":"2026-04-28T11:21:19","guid":{"rendered":"https:\/\/wp5205.gendalf.teamon.site\/?page_id=22"},"modified":"2026-04-28T12:49:38","modified_gmt":"2026-04-28T12:49:38","slug":"conditions-generales-dutilisation","status":"publish","type":"page","link":"https:\/\/wp5205.gendalf.teamon.site\/index.php\/conditions-generales-dutilisation\/","title":{"rendered":"Conditions G\u00e9n\u00e9rales d\u2019Utilisation"},"content":{"rendered":"\t\t<div data-elementor-type=\"wp-page\" data-elementor-id=\"22\" class=\"elementor elementor-22\" data-elementor-post-type=\"page\">\n\t\t\t\t\t\t\t\t\t<section class=\"elementor-section elementor-top-section elementor-element elementor-element-3125c92e elementor-section-full_width elementor-section-height-min-height elementor-section-items-stretch elementor-section-content-middle elementor-reverse-mobile elementor-reverse-tablet elementor-section-height-default\" data-id=\"3125c92e\" data-element_type=\"section\">\n\t\t\t\t\t\t<div class=\"elementor-container elementor-column-gap-no\">\n\t\t\t\t\t<div class=\"elementor-column elementor-col-100 elementor-top-column elementor-element elementor-element-63728621\" data-id=\"63728621\" data-element_type=\"column\">\n\t\t\t<div class=\"elementor-widget-wrap elementor-element-populated\">\n\t\t\t\t\t\t\t\t<div class=\"elementor-element elementor-element-25994aea animated-fast elementor-invisible elementor-widget elementor-widget-heading\" data-id=\"25994aea\" data-element_type=\"widget\" data-settings=\"{&quot;_animation&quot;:&quot;fadeIn&quot;}\" data-widget_type=\"heading.default\">\n\t\t\t\t<div class=\"elementor-widget-container\">\n\t\t\t<style>\/*! elementor - v3.15.0 - 31-07-2023 *\/\n.elementor-heading-title{padding:0;margin:0;line-height:1}.elementor-widget-heading .elementor-heading-title[class*=elementor-size-]>a{color:inherit;font-size:inherit;line-height:inherit}.elementor-widget-heading .elementor-heading-title.elementor-size-small{font-size:15px}.elementor-widget-heading .elementor-heading-title.elementor-size-medium{font-size:19px}.elementor-widget-heading .elementor-heading-title.elementor-size-large{font-size:29px}.elementor-widget-heading .elementor-heading-title.elementor-size-xl{font-size:39px}.elementor-widget-heading .elementor-heading-title.elementor-size-xxl{font-size:59px}<\/style><h1 class=\"elementor-heading-title elementor-size-default\">Conditions G\u00e9n\u00e9rales d\u2019Utilisation<\/h1>\t\t<\/div>\n\t\t\t\t<\/div>\n\t\t\t\t<section class=\"elementor-section elementor-inner-section elementor-element elementor-element-3c3c3308 elementor-section-full_width elementor-section-height-default elementor-section-height-default\" data-id=\"3c3c3308\" data-element_type=\"section\">\n\t\t\t\t\t\t<div class=\"elementor-container elementor-column-gap-no\">\n\t\t\t\t\t<div class=\"elementor-column elementor-col-100 elementor-inner-column elementor-element elementor-element-6ae51462 elementor-invisible\" data-id=\"6ae51462\" data-element_type=\"column\" data-settings=\"{&quot;animation&quot;:&quot;fadeIn&quot;,&quot;animation_delay&quot;:&quot;200&quot;}\">\n\t\t\t<div class=\"elementor-widget-wrap elementor-element-populated\">\n\t\t\t\t\t\t\t\t<div class=\"elementor-element elementor-element-c0ab6a5 elementor-widget-divider--view-line elementor-widget elementor-widget-divider\" data-id=\"c0ab6a5\" data-element_type=\"widget\" data-widget_type=\"divider.default\">\n\t\t\t\t<div class=\"elementor-widget-container\">\n\t\t\t<style>\/*! elementor - v3.15.0 - 31-07-2023 *\/\n.elementor-widget-divider{--divider-border-style:none;--divider-border-width:1px;--divider-color:#0c0d0e;--divider-icon-size:20px;--divider-element-spacing:10px;--divider-pattern-height:24px;--divider-pattern-size:20px;--divider-pattern-url:none;--divider-pattern-repeat:repeat-x}.elementor-widget-divider .elementor-divider{display:flex}.elementor-widget-divider .elementor-divider__text{font-size:15px;line-height:1;max-width:95%}.elementor-widget-divider .elementor-divider__element{margin:0 var(--divider-element-spacing);flex-shrink:0}.elementor-widget-divider .elementor-icon{font-size:var(--divider-icon-size)}.elementor-widget-divider .elementor-divider-separator{display:flex;margin:0;direction:ltr}.elementor-widget-divider--view-line_icon .elementor-divider-separator,.elementor-widget-divider--view-line_text .elementor-divider-separator{align-items:center}.elementor-widget-divider--view-line_icon .elementor-divider-separator:after,.elementor-widget-divider--view-line_icon .elementor-divider-separator:before,.elementor-widget-divider--view-line_text .elementor-divider-separator:after,.elementor-widget-divider--view-line_text .elementor-divider-separator:before{display:block;content:\"\";border-bottom:0;flex-grow:1;border-top:var(--divider-border-width) var(--divider-border-style) var(--divider-color)}.elementor-widget-divider--element-align-left .elementor-divider .elementor-divider-separator>.elementor-divider__svg:first-of-type{flex-grow:0;flex-shrink:100}.elementor-widget-divider--element-align-left .elementor-divider-separator:before{content:none}.elementor-widget-divider--element-align-left .elementor-divider__element{margin-left:0}.elementor-widget-divider--element-align-right .elementor-divider .elementor-divider-separator>.elementor-divider__svg:last-of-type{flex-grow:0;flex-shrink:100}.elementor-widget-divider--element-align-right .elementor-divider-separator:after{content:none}.elementor-widget-divider--element-align-right .elementor-divider__element{margin-right:0}.elementor-widget-divider:not(.elementor-widget-divider--view-line_text):not(.elementor-widget-divider--view-line_icon) .elementor-divider-separator{border-top:var(--divider-border-width) var(--divider-border-style) var(--divider-color)}.elementor-widget-divider--separator-type-pattern{--divider-border-style:none}.elementor-widget-divider--separator-type-pattern.elementor-widget-divider--view-line .elementor-divider-separator,.elementor-widget-divider--separator-type-pattern:not(.elementor-widget-divider--view-line) .elementor-divider-separator:after,.elementor-widget-divider--separator-type-pattern:not(.elementor-widget-divider--view-line) .elementor-divider-separator:before,.elementor-widget-divider--separator-type-pattern:not([class*=elementor-widget-divider--view]) .elementor-divider-separator{width:100%;min-height:var(--divider-pattern-height);-webkit-mask-size:var(--divider-pattern-size) 100%;mask-size:var(--divider-pattern-size) 100%;-webkit-mask-repeat:var(--divider-pattern-repeat);mask-repeat:var(--divider-pattern-repeat);background-color:var(--divider-color);-webkit-mask-image:var(--divider-pattern-url);mask-image:var(--divider-pattern-url)}.elementor-widget-divider--no-spacing{--divider-pattern-size:auto}.elementor-widget-divider--bg-round{--divider-pattern-repeat:round}.rtl .elementor-widget-divider .elementor-divider__text{direction:rtl}.e-con-inner>.elementor-widget-divider,.e-con>.elementor-widget-divider{width:var(--container-widget-width,100%);--flex-grow:var(--container-widget-flex-grow)}<\/style>\t\t<div class=\"elementor-divider\">\n\t\t\t<span class=\"elementor-divider-separator\">\n\t\t\t\t\t\t<\/span>\n\t\t<\/div>\n\t\t\t\t<\/div>\n\t\t\t\t<\/div>\n\t\t\t\t<div class=\"elementor-element elementor-element-281baad4 elementor-invisible elementor-widget elementor-widget-text-editor\" data-id=\"281baad4\" data-element_type=\"widget\" data-settings=\"{&quot;_animation&quot;:&quot;fadeIn&quot;}\" data-widget_type=\"text-editor.default\">\n\t\t\t\t<div class=\"elementor-widget-container\">\n\t\t\t<style>\/*! elementor - v3.15.0 - 31-07-2023 *\/\n.elementor-widget-text-editor.elementor-drop-cap-view-stacked .elementor-drop-cap{background-color:#69727d;color:#fff}.elementor-widget-text-editor.elementor-drop-cap-view-framed .elementor-drop-cap{color:#69727d;border:3px solid;background-color:transparent}.elementor-widget-text-editor:not(.elementor-drop-cap-view-default) .elementor-drop-cap{margin-top:8px}.elementor-widget-text-editor:not(.elementor-drop-cap-view-default) .elementor-drop-cap-letter{width:1em;height:1em}.elementor-widget-text-editor .elementor-drop-cap{float:left;text-align:center;line-height:1;font-size:50px}.elementor-widget-text-editor .elementor-drop-cap-letter{display:inline-block}<\/style>\t\t\t\t<h2 data-section-id=\"vmtx05\" data-start=\"69\" data-end=\"101\">1. Acceptation des conditions<\/h2><p data-start=\"103\" data-end=\"309\">Vous (\u00ab Utilisateur \u00bb ou \u00ab vous \u00bb) et nous (\u00ab Soci\u00e9t\u00e9 \u00bb, \u00ab nous \u00bb, \u00ab notre \u00bb) \u00eates li\u00e9s par les pr\u00e9sentes conditions g\u00e9n\u00e9rales (\u00ab Accord \u00bb), qui r\u00e9gissent l\u2019utilisation de notre site web et de nos services.<\/p><p data-start=\"311\" data-end=\"423\">En acc\u00e9dant ou en utilisant le site, vous acceptez d\u2019\u00eatre li\u00e9 par cet Accord et confirmez l\u2019avoir lu et compris.<\/p><hr data-start=\"425\" data-end=\"428\" \/><h2 data-section-id=\"cb7jgj\" data-start=\"430\" data-end=\"468\">2. Responsabilit\u00e9s de l\u2019utilisateur<\/h2><p data-start=\"470\" data-end=\"582\">En utilisant le site et ses services, vous acceptez de respecter toutes les lois et r\u00e9glementations applicables.<\/p><p data-start=\"584\" data-end=\"800\">Vous \u00eates enti\u00e8rement responsable de tout contenu que vous publiez ou transmettez via le site. Vous vous engagez \u00e0 ne pas adopter de comportement ill\u00e9gal, diffamatoire ou abusif lors de l\u2019utilisation de nos services.<\/p><hr data-start=\"802\" data-end=\"805\" \/><h2 data-section-id=\"13o5bq3\" data-start=\"807\" data-end=\"837\">3. Propri\u00e9t\u00e9 intellectuelle<\/h2><p data-start=\"839\" data-end=\"958\">La Soci\u00e9t\u00e9 est propri\u00e9taire du site web ainsi que de l\u2019ensemble de ses fonctionnalit\u00e9s, contenus et \u00e9l\u00e9ments originaux.<\/p><p data-start=\"960\" data-end=\"1163\">Ces \u00e9l\u00e9ments sont prot\u00e9g\u00e9s par les lois internationales relatives au droit d\u2019auteur, aux marques, aux brevets, aux secrets commerciaux et \u00e0 toute autre l\u00e9gislation en mati\u00e8re de propri\u00e9t\u00e9 intellectuelle.<\/p><hr data-start=\"1165\" data-end=\"1168\" \/><h2 data-section-id=\"123g826\" data-start=\"1170\" data-end=\"1189\">4. Contenu tiers<\/h2><p data-start=\"1191\" data-end=\"1326\">Le site peut contenir des liens vers des sites web, services ou ressources externes qui ne sont ni d\u00e9tenus ni contr\u00f4l\u00e9s par la Soci\u00e9t\u00e9.<\/p><p data-start=\"1328\" data-end=\"1442\">Nous ne sommes pas responsables du contenu, des politiques de confidentialit\u00e9 ou des pratiques de ces sites tiers.<\/p><p data-start=\"1444\" data-end=\"1590\">Vous reconnaissez et acceptez que la Soci\u00e9t\u00e9 ne peut \u00eatre tenue responsable de tout dommage ou perte r\u00e9sultant de l\u2019utilisation de contenus tiers.<\/p><hr data-start=\"1592\" data-end=\"1595\" \/><h2 data-section-id=\"10dq8lf\" data-start=\"1597\" data-end=\"1631\">5. Limitation de responsabilit\u00e9<\/h2><p data-start=\"1633\" data-end=\"1835\">En aucun cas la Soci\u00e9t\u00e9, ses dirigeants, employ\u00e9s, partenaires, agents, fournisseurs ou affili\u00e9s ne pourront \u00eatre tenus responsables de dommages directs, indirects, accessoires, sp\u00e9ciaux ou cons\u00e9cutifs.<\/p><p data-start=\"1837\" data-end=\"1860\">Cela inclut notamment :<\/p><ul data-start=\"1861\" data-end=\"1979\"><li data-section-id=\"1gsjj16\" data-start=\"1861\" data-end=\"1881\">perte de profits<\/li><li data-section-id=\"zvl9hn\" data-start=\"1882\" data-end=\"1902\">perte de donn\u00e9es<\/li><li data-section-id=\"fmksdk\" data-start=\"1903\" data-end=\"1926\">perte de r\u00e9putation<\/li><li data-section-id=\"1krfej2\" data-start=\"1927\" data-end=\"1979\">impossibilit\u00e9 d\u2019utiliser le site ou ses services<\/li><\/ul><p data-start=\"1981\" data-end=\"2081\">Cette limitation s\u2019applique \u00e9galement en cas d\u2019acc\u00e8s non autoris\u00e9 ou de modification de vos donn\u00e9es.<\/p><hr data-start=\"2083\" data-end=\"2086\" \/><h2 data-section-id=\"5dlgqs\" data-start=\"2088\" data-end=\"2105\">6. R\u00e9siliation<\/h2><p data-start=\"2107\" data-end=\"2285\">Nous nous r\u00e9servons le droit de suspendre ou de r\u00e9silier imm\u00e9diatement votre acc\u00e8s au site et aux services, sans pr\u00e9avis ni responsabilit\u00e9, en cas de violation du pr\u00e9sent Accord.<\/p><p data-start=\"2287\" data-end=\"2367\">La r\u00e9siliation entra\u00eene l\u2019arr\u00eat imm\u00e9diat de votre droit d\u2019utiliser nos services.<\/p><hr data-start=\"2369\" data-end=\"2372\" \/><h2 data-section-id=\"1klk845\" data-start=\"2374\" data-end=\"2396\">7. Droit applicable<\/h2><p data-start=\"2398\" data-end=\"2482\">Le pr\u00e9sent Accord est r\u00e9gi et interpr\u00e9t\u00e9 conform\u00e9ment aux lois de\u00a0<strong data-start=\"2464\" data-end=\"2481\">[Juridiction]<\/strong>.<\/p><p data-start=\"2484\" data-end=\"2590\">Tout litige relatif \u00e0 cet Accord sera soumis \u00e0 la comp\u00e9tence exclusive des tribunaux de\u00a0<strong data-start=\"2572\" data-end=\"2589\">[Juridiction]<\/strong>.<\/p><hr data-start=\"2592\" data-end=\"2595\" \/><h2 data-section-id=\"vlt8vy\" data-start=\"2597\" data-end=\"2616\">8. Modifications<\/h2><p data-start=\"2618\" data-end=\"2727\">Nous nous r\u00e9servons le droit de modifier ou mettre \u00e0 jour cet Accord \u00e0 tout moment, \u00e0 notre seule discr\u00e9tion.<\/p><p data-start=\"2729\" data-end=\"2797\">La version la plus r\u00e9cente sera toujours disponible sur le site web.<\/p><p data-start=\"2799\" data-end=\"2897\">En continuant \u00e0 utiliser le site apr\u00e8s toute modification, vous acceptez les nouvelles conditions.<\/p><hr data-start=\"2899\" data-end=\"2902\" \/><h2 data-section-id=\"a08tuw\" data-start=\"2904\" data-end=\"2924\">9. Dissociabilit\u00e9<\/h2><p data-start=\"2926\" data-end=\"3055\">Si une disposition du pr\u00e9sent Accord est jug\u00e9e invalide ou inapplicable, les autres dispositions resteront pleinement en vigueur.<\/p><p data-start=\"3057\" data-end=\"3179\">La disposition invalide sera remplac\u00e9e par une disposition valide se rapprochant le plus possible de l\u2019intention initiale.<\/p><hr data-start=\"3181\" data-end=\"3184\" \/><h2 data-section-id=\"l0h03i\" data-start=\"3186\" data-end=\"3207\">10. Accord complet<\/h2><p data-start=\"3209\" data-end=\"3337\">Le pr\u00e9sent Accord constitue l\u2019int\u00e9gralit\u00e9 de l\u2019accord entre vous et la Soci\u00e9t\u00e9 concernant l\u2019utilisation du site et des services.<\/p><p data-start=\"3339\" data-end=\"3422\">Il remplace tous les accords ou ententes ant\u00e9rieurs, qu\u2019ils soient \u00e9crits ou oraux.<\/p>\t\t\t\t\t\t<\/div>\n\t\t\t\t<\/div>\n\t\t\t\t\t<\/div>\n\t\t<\/div>\n\t\t\t\t\t\t\t<\/div>\n\t\t<\/section>\n\t\t\t\t<div class=\"elementor-element elementor-element-3febd737 elementor-view-stacked elementor-shape-square elementor-widget__width-auto elementor-absolute elementor-hidden-phone animated-slow elementor-invisible elementor-widget elementor-widget-icon\" data-id=\"3febd737\" data-element_type=\"widget\" data-settings=\"{&quot;_position&quot;:&quot;absolute&quot;,&quot;_animation&quot;:&quot;fadeInDown&quot;,&quot;_animation_delay&quot;:&quot;600&quot;}\" data-widget_type=\"icon.default\">\n\t\t\t\t<div class=\"elementor-widget-container\">\n\t\t\t\t\t<div class=\"elementor-icon-wrapper\">\n\t\t\t<a class=\"elementor-icon\" href=\"#services\">\n\t\t\t\t\t\t<\/a>\n\t\t<\/div>\n\t\t\t\t<\/div>\n\t\t\t\t<\/div>\n\t\t\t\t\t<\/div>\n\t\t<\/div>\n\t\t\t\t\t\t\t<\/div>\n\t\t<\/section>\n\t\t\t\t\t\t\t<\/div>\n\t\t","protected":false},"excerpt":{"rendered":"<p>Conditions G\u00e9n\u00e9rales d\u2019Utilisation 1. Acceptation des conditions Vous (\u00ab Utilisateur \u00bb ou \u00ab vous \u00bb) et nous (\u00ab Soci\u00e9t\u00e9 \u00bb, \u00ab nous \u00bb, \u00ab notre \u00bb) \u00eates li\u00e9s par les pr\u00e9sentes conditions g\u00e9n\u00e9rales (\u00ab Accord \u00bb), qui r\u00e9gissent l\u2019utilisation de notre site web et de nos services. En acc\u00e9dant ou en utilisant le site, vous&#8230;<\/p>\n","protected":false},"author":1,"featured_media":0,"parent":0,"menu_order":0,"comment_status":"closed","ping_status":"closed","template":"","meta":{"_kad_post_transparent":"","_kad_post_title":"hide","_kad_post_layout":"fullwidth","_kad_post_sidebar_id":"","_kad_post_content_style":"unboxed","_kad_post_vertical_padding":"hide","_kad_post_feature":"hide","_kad_post_feature_position":"","_kad_post_header":false,"_kad_post_footer":false,"_kad_post_classname":"","footnotes":""},"class_list":["post-22","page","type-page","status-publish","hentry"],"yoast_head":"<!-- This site is optimized with the Yoast SEO plugin v27.5 - https:\/\/yoast.com\/product\/yoast-seo-wordpress\/ -->\n<title>Conditions G\u00e9n\u00e9rales d\u2019Utilisation - Lumi\u00e8re Solaire | Solutions d\u2019\u00e9nergie solaire propres et durables<\/title>\n<meta name=\"robots\" content=\"index, follow, max-snippet:-1, max-image-preview:large, max-video-preview:-1\" \/>\n<link rel=\"canonical\" href=\"https:\/\/wp5205.gendalf.teamon.site\/index.php\/conditions-generales-dutilisation\/\" \/>\n<meta property=\"og:locale\" content=\"fr_FR\" \/>\n<meta property=\"og:type\" content=\"article\" \/>\n<meta property=\"og:title\" content=\"Conditions G\u00e9n\u00e9rales d\u2019Utilisation - Lumi\u00e8re Solaire | Solutions d\u2019\u00e9nergie solaire propres et durables\" \/>\n<meta property=\"og:description\" content=\"Conditions G\u00e9n\u00e9rales d\u2019Utilisation 1. Acceptation des conditions Vous (\u00ab Utilisateur \u00bb ou \u00ab vous \u00bb) et nous (\u00ab Soci\u00e9t\u00e9 \u00bb, \u00ab nous \u00bb, \u00ab notre \u00bb) \u00eates li\u00e9s par les pr\u00e9sentes conditions g\u00e9n\u00e9rales (\u00ab Accord \u00bb), qui r\u00e9gissent l\u2019utilisation de notre site web et de nos services. En acc\u00e9dant ou en utilisant le site, vous...\" \/>\n<meta property=\"og:url\" content=\"https:\/\/wp5205.gendalf.teamon.site\/index.php\/conditions-generales-dutilisation\/\" \/>\n<meta property=\"og:site_name\" content=\"Lumi\u00e8re Solaire | Solutions d\u2019\u00e9nergie solaire propres et durables\" \/>\n<meta property=\"article:modified_time\" content=\"2026-04-28T12:49:38+00:00\" \/>\n<meta name=\"twitter:card\" content=\"summary_large_image\" \/>\n<meta name=\"twitter:label1\" content=\"Est. reading time\" \/>\n\t<meta name=\"twitter:data1\" content=\"3 minutes\" \/>\n<script type=\"application\/ld+json\" class=\"yoast-schema-graph\">{\"@context\":\"https:\\\/\\\/schema.org\",\"@graph\":[{\"@type\":\"WebPage\",\"@id\":\"https:\\\/\\\/wp5205.gendalf.teamon.site\\\/index.php\\\/conditions-generales-dutilisation\\\/\",\"url\":\"https:\\\/\\\/wp5205.gendalf.teamon.site\\\/index.php\\\/conditions-generales-dutilisation\\\/\",\"name\":\"Conditions G\u00e9n\u00e9rales d\u2019Utilisation - Lumi\u00e8re Solaire | Solutions d\u2019\u00e9nergie solaire propres et durables\",\"isPartOf\":{\"@id\":\"https:\\\/\\\/wp5205.gendalf.teamon.site\\\/#website\"},\"datePublished\":\"2026-04-28T11:21:19+00:00\",\"dateModified\":\"2026-04-28T12:49:38+00:00\",\"breadcrumb\":{\"@id\":\"https:\\\/\\\/wp5205.gendalf.teamon.site\\\/index.php\\\/conditions-generales-dutilisation\\\/#breadcrumb\"},\"inLanguage\":\"fr-FR\",\"potentialAction\":[{\"@type\":\"ReadAction\",\"target\":[\"https:\\\/\\\/wp5205.gendalf.teamon.site\\\/index.php\\\/conditions-generales-dutilisation\\\/\"]}]},{\"@type\":\"BreadcrumbList\",\"@id\":\"https:\\\/\\\/wp5205.gendalf.teamon.site\\\/index.php\\\/conditions-generales-dutilisation\\\/#breadcrumb\",\"itemListElement\":[{\"@type\":\"ListItem\",\"position\":1,\"name\":\"Home\",\"item\":\"https:\\\/\\\/wp5205.gendalf.teamon.site\\\/\"},{\"@type\":\"ListItem\",\"position\":2,\"name\":\"Conditions G\u00e9n\u00e9rales d\u2019Utilisation\"}]},{\"@type\":\"WebSite\",\"@id\":\"https:\\\/\\\/wp5205.gendalf.teamon.site\\\/#website\",\"url\":\"https:\\\/\\\/wp5205.gendalf.teamon.site\\\/\",\"name\":\"Lumi\u00e8re Solaire | Solutions d\u2019\u00e9nergie solaire propres et durables\",\"description\":\"\",\"publisher\":{\"@id\":\"https:\\\/\\\/wp5205.gendalf.teamon.site\\\/#organization\"},\"potentialAction\":[{\"@type\":\"SearchAction\",\"target\":{\"@type\":\"EntryPoint\",\"urlTemplate\":\"https:\\\/\\\/wp5205.gendalf.teamon.site\\\/?s={search_term_string}\"},\"query-input\":{\"@type\":\"PropertyValueSpecification\",\"valueRequired\":true,\"valueName\":\"search_term_string\"}}],\"inLanguage\":\"fr-FR\"},{\"@type\":\"Organization\",\"@id\":\"https:\\\/\\\/wp5205.gendalf.teamon.site\\\/#organization\",\"name\":\"Lumi\u00e8re Solaire | Solutions d\u2019\u00e9nergie solaire propres et durables\",\"url\":\"https:\\\/\\\/wp5205.gendalf.teamon.site\\\/\",\"logo\":{\"@type\":\"ImageObject\",\"inLanguage\":\"fr-FR\",\"@id\":\"https:\\\/\\\/wp5205.gendalf.teamon.site\\\/#\\\/schema\\\/logo\\\/image\\\/\",\"url\":\"https:\\\/\\\/wp5205.gendalf.teamon.site\\\/wp-content\\\/uploads\\\/2026\\\/04\\\/cropped-svgexport-23.png\",\"contentUrl\":\"https:\\\/\\\/wp5205.gendalf.teamon.site\\\/wp-content\\\/uploads\\\/2026\\\/04\\\/cropped-svgexport-23.png\",\"width\":1493,\"height\":200,\"caption\":\"Lumi\u00e8re Solaire | Solutions d\u2019\u00e9nergie solaire propres et durables\"},\"image\":{\"@id\":\"https:\\\/\\\/wp5205.gendalf.teamon.site\\\/#\\\/schema\\\/logo\\\/image\\\/\"}}]}<\/script>\n<!-- \/ Yoast SEO plugin. -->","yoast_head_json":{"title":"Conditions G\u00e9n\u00e9rales d\u2019Utilisation - Lumi\u00e8re Solaire | Solutions d\u2019\u00e9nergie solaire propres et durables","robots":{"index":"index","follow":"follow","max-snippet":"max-snippet:-1","max-image-preview":"max-image-preview:large","max-video-preview":"max-video-preview:-1"},"canonical":"https:\/\/wp5205.gendalf.teamon.site\/index.php\/conditions-generales-dutilisation\/","og_locale":"fr_FR","og_type":"article","og_title":"Conditions G\u00e9n\u00e9rales d\u2019Utilisation - Lumi\u00e8re Solaire | Solutions d\u2019\u00e9nergie solaire propres et durables","og_description":"Conditions G\u00e9n\u00e9rales d\u2019Utilisation 1. Acceptation des conditions Vous (\u00ab Utilisateur \u00bb ou \u00ab vous \u00bb) et nous (\u00ab Soci\u00e9t\u00e9 \u00bb, \u00ab nous \u00bb, \u00ab notre \u00bb) \u00eates li\u00e9s par les pr\u00e9sentes conditions g\u00e9n\u00e9rales (\u00ab Accord \u00bb), qui r\u00e9gissent l\u2019utilisation de notre site web et de nos services. En acc\u00e9dant ou en utilisant le site, vous...","og_url":"https:\/\/wp5205.gendalf.teamon.site\/index.php\/conditions-generales-dutilisation\/","og_site_name":"Lumi\u00e8re Solaire | Solutions d\u2019\u00e9nergie solaire propres et durables","article_modified_time":"2026-04-28T12:49:38+00:00","twitter_card":"summary_large_image","twitter_misc":{"Est. reading time":"3 minutes"},"schema":{"@context":"https:\/\/schema.org","@graph":[{"@type":"WebPage","@id":"https:\/\/wp5205.gendalf.teamon.site\/index.php\/conditions-generales-dutilisation\/","url":"https:\/\/wp5205.gendalf.teamon.site\/index.php\/conditions-generales-dutilisation\/","name":"Conditions G\u00e9n\u00e9rales d\u2019Utilisation - Lumi\u00e8re Solaire | Solutions d\u2019\u00e9nergie solaire propres et durables","isPartOf":{"@id":"https:\/\/wp5205.gendalf.teamon.site\/#website"},"datePublished":"2026-04-28T11:21:19+00:00","dateModified":"2026-04-28T12:49:38+00:00","breadcrumb":{"@id":"https:\/\/wp5205.gendalf.teamon.site\/index.php\/conditions-generales-dutilisation\/#breadcrumb"},"inLanguage":"fr-FR","potentialAction":[{"@type":"ReadAction","target":["https:\/\/wp5205.gendalf.teamon.site\/index.php\/conditions-generales-dutilisation\/"]}]},{"@type":"BreadcrumbList","@id":"https:\/\/wp5205.gendalf.teamon.site\/index.php\/conditions-generales-dutilisation\/#breadcrumb","itemListElement":[{"@type":"ListItem","position":1,"name":"Home","item":"https:\/\/wp5205.gendalf.teamon.site\/"},{"@type":"ListItem","position":2,"name":"Conditions G\u00e9n\u00e9rales d\u2019Utilisation"}]},{"@type":"WebSite","@id":"https:\/\/wp5205.gendalf.teamon.site\/#website","url":"https:\/\/wp5205.gendalf.teamon.site\/","name":"Lumi\u00e8re Solaire | Solutions d\u2019\u00e9nergie solaire propres et durables","description":"","publisher":{"@id":"https:\/\/wp5205.gendalf.teamon.site\/#organization"},"potentialAction":[{"@type":"SearchAction","target":{"@type":"EntryPoint","urlTemplate":"https:\/\/wp5205.gendalf.teamon.site\/?s={search_term_string}"},"query-input":{"@type":"PropertyValueSpecification","valueRequired":true,"valueName":"search_term_string"}}],"inLanguage":"fr-FR"},{"@type":"Organization","@id":"https:\/\/wp5205.gendalf.teamon.site\/#organization","name":"Lumi\u00e8re Solaire | Solutions d\u2019\u00e9nergie solaire propres et durables","url":"https:\/\/wp5205.gendalf.teamon.site\/","logo":{"@type":"ImageObject","inLanguage":"fr-FR","@id":"https:\/\/wp5205.gendalf.teamon.site\/#\/schema\/logo\/image\/","url":"https:\/\/wp5205.gendalf.teamon.site\/wp-content\/uploads\/2026\/04\/cropped-svgexport-23.png","contentUrl":"https:\/\/wp5205.gendalf.teamon.site\/wp-content\/uploads\/2026\/04\/cropped-svgexport-23.png","width":1493,"height":200,"caption":"Lumi\u00e8re Solaire | Solutions d\u2019\u00e9nergie solaire propres et durables"},"image":{"@id":"https:\/\/wp5205.gendalf.teamon.site\/#\/schema\/logo\/image\/"}}]}},"_links":{"self":[{"href":"https:\/\/wp5205.gendalf.teamon.site\/index.php\/wp-json\/wp\/v2\/pages\/22","targetHints":{"allow":["GET"]}}],"collection":[{"href":"https:\/\/wp5205.gendalf.teamon.site\/index.php\/wp-json\/wp\/v2\/pages"}],"about":[{"href":"https:\/\/wp5205.gendalf.teamon.site\/index.php\/wp-json\/wp\/v2\/types\/page"}],"author":[{"embeddable":true,"href":"https:\/\/wp5205.gendalf.teamon.site\/index.php\/wp-json\/wp\/v2\/users\/1"}],"replies":[{"embeddable":true,"href":"https:\/\/wp5205.gendalf.teamon.site\/index.php\/wp-json\/wp\/v2\/comments?post=22"}],"version-history":[{"count":7,"href":"https:\/\/wp5205.gendalf.teamon.site\/index.php\/wp-json\/wp\/v2\/pages\/22\/revisions"}],"predecessor-version":[{"id":166,"href":"https:\/\/wp5205.gendalf.teamon.site\/index.php\/wp-json\/wp\/v2\/pages\/22\/revisions\/166"}],"wp:attachment":[{"href":"https:\/\/wp5205.gendalf.teamon.site\/index.php\/wp-json\/wp\/v2\/media?parent=22"}],"curies":[{"name":"wp","href":"https:\/\/api.w.org\/{rel}","templated":true}]}}